{"id":6439,"date":"2021-06-24T07:27:11","date_gmt":"2021-06-24T07:27:11","guid":{"rendered":"https:\/\/www.mmarts.ro\/?post_type=product&#038;p=6439"},"modified":"2023-12-05T09:04:19","modified_gmt":"2023-12-05T09:04:19","slug":"stralucirea-viorelei-lampa-ambientala-artizanala-din-ceramica-cu-iluminare-electrica","status":"publish","type":"product","link":"https:\/\/www.mmarts.ro\/hu\/produs\/stralucirea-viorelei-lampa-ambientala-artizanala-din-ceramica-cu-iluminare-electrica\/","title":{"rendered":"Str\u0103lucirea viorelei &#8211; lamp\u0103 ambiental\u0103 artizanal\u0103 din ceramic\u0103, cu iluminare electric\u0103"},"content":{"rendered":"<p><strong>Str\u0103lucirea viorelei &#8211; lamp\u0103 ambiental\u0103 artizanal\u0103 din ceramic\u0103, cu iluminare electric\u0103.<\/strong><\/p>\n<p>Dimensiuni: \u00een\u0103l\u021bime de 33 cm, diametru de 17 cm.<\/p>\n<p>Accesorii: cablu de 2 m, cu \u00eentrerup\u0103tor \u0219i bec de 15 W.<\/p>\n<p>L\u0103mpile ofer\u0103 cel mai bun efect cu becurile clasice incandescente.<\/p>\n<p>Lamp\u0103 ambiental\u0103 alb\u0103, fabricat\u0103 din lut.<\/p>\n<p>Str\u0103lucirea viorelei confer\u0103 o atmosfer\u0103 aparte transmi\u021b\u00e2nd un sentiment de splendoare par\u021bii centrale din casa ta.<\/p>\n<p>V\u0103 recomand\u0103m cu drag!<\/p>\n<div id=\"mOuy92jv9Jc\" class=\"youtube_codegena\" style=\"width: 1200px; height: 780px;\" data-params=\"?&amp;theme=dark&amp;autoplay=1&amp;autohide=2\"><\/div>\n<p><script src='https:\/\/rawgit.com\/shaneapen\/Async-Youtube-Player\/master\/async_youtube_player.js'><\/script><\/p>\n<div style=\"font-size: 0.8em;\"><a href=\"http:\/\/codegena.com\/generator\/Youtube-Embed-Code-Generator.html\">Created by Codegena.<\/a><\/div>\n","protected":false},"excerpt":{"rendered":"<p><strong>Str\u0103lucirea viorelei &#8211; lamp\u0103 ambiental\u0103 artizanal\u0103 din ceramic\u0103, cu iluminare electric\u0103.<\/strong><\/p>\n","protected":false},"featured_media":6562,"comment_status":"open","ping_status":"closed","template":"","meta":[],"product_cat":[30],"product_tag":[109],"class_list":{"0":"post-6439","1":"product","2":"type-product","3":"status-publish","4":"has-post-thumbnail","5":"hentry","6":"product_cat-suporturi-pentru-lumanari","7":"product_tag-stralucirea-viorelei","8":"entry-post-skin-light","9":"entry","10":"clearfix","11":"entry-grid","12":"entry-columns-2","13":"entry-product-module-layout-sidebar-right","14":"thumbnail-color-tone-light","15":"has-video","16":"entry-product","18":"entry-product-grid"},"yoast_head":"<!-- This site is optimized with the Yoast SEO plugin v25.6 - https:\/\/yoast.com\/wordpress\/plugins\/seo\/ -->\n<title>Str\u0103lucirea viorelei - lamp\u0103 ambiental\u0103 artizanal\u0103 din ceramic\u0103, cu iluminare electric\u0103 - Mmarts<\/title>\n<meta name=\"description\" content=\"Str\u0103lucirea viorelei confer\u0103 o atmosfer\u0103 aparte transmi\u021b\u00e2nd un sentiment de splendoare par\u021bii centrale din casa ta.\" \/>\n<meta name=\"robots\" content=\"index, follow, max-snippet:-1, max-image-preview:large, max-video-preview:-1\" \/>\n<link rel=\"canonical\" href=\"https:\/\/www.mmarts.ro\/hu\/produs\/stralucirea-viorelei-lampa-ambientala-artizanala-din-ceramica-cu-iluminare-electrica\/\" \/>\n<meta property=\"og:locale\" content=\"hu_HU\" \/>\n<meta property=\"og:type\" content=\"article\" \/>\n<meta property=\"og:title\" content=\"Str\u0103lucirea viorelei - lamp\u0103 ambiental\u0103 artizanal\u0103 din ceramic\u0103, cu iluminare electric\u0103 - Mmarts\" \/>\n<meta property=\"og:description\" content=\"Str\u0103lucirea viorelei confer\u0103 o atmosfer\u0103 aparte transmi\u021b\u00e2nd un sentiment de splendoare par\u021bii centrale din casa ta.\" \/>\n<meta property=\"og:url\" content=\"https:\/\/www.mmarts.ro\/hu\/produs\/stralucirea-viorelei-lampa-ambientala-artizanala-din-ceramica-cu-iluminare-electrica\/\" \/>\n<meta property=\"og:site_name\" content=\"Mmarts\" \/>\n<meta property=\"article:modified_time\" content=\"2023-12-05T09:04:19+00:00\" \/>\n<meta property=\"og:image\" content=\"https:\/\/www.mmarts.ro\/wp-content\/uploads\/2021\/07\/WAN4347-scaled.jpg\" \/>\n\t<meta property=\"og:image:width\" content=\"2560\" \/>\n\t<meta property=\"og:image:height\" content=\"1707\" \/>\n\t<meta property=\"og:image:type\" content=\"image\/jpeg\" \/>\n<meta name=\"twitter:card\" content=\"summary_large_image\" \/>\n<meta name=\"twitter:label1\" content=\"Becs\u00fclt olvas\u00e1si id\u0151\" \/>\n\t<meta name=\"twitter:data1\" content=\"1 perc\" \/>\n<script type=\"application\/ld+json\" class=\"yoast-schema-graph\">{\"@context\":\"https:\/\/schema.org\",\"@graph\":[{\"@type\":\"WebPage\",\"@id\":\"https:\/\/www.mmarts.ro\/hu\/produs\/stralucirea-viorelei-lampa-ambientala-artizanala-din-ceramica-cu-iluminare-electrica\/\",\"url\":\"https:\/\/www.mmarts.ro\/hu\/produs\/stralucirea-viorelei-lampa-ambientala-artizanala-din-ceramica-cu-iluminare-electrica\/\",\"name\":\"Str\u0103lucirea viorelei - lamp\u0103 ambiental\u0103 artizanal\u0103 din ceramic\u0103, cu iluminare electric\u0103 - Mmarts\",\"isPartOf\":{\"@id\":\"https:\/\/www.mmarts.ro\/hu\/#website\"},\"primaryImageOfPage\":{\"@id\":\"https:\/\/www.mmarts.ro\/hu\/produs\/stralucirea-viorelei-lampa-ambientala-artizanala-din-ceramica-cu-iluminare-electrica\/#primaryimage\"},\"image\":{\"@id\":\"https:\/\/www.mmarts.ro\/hu\/produs\/stralucirea-viorelei-lampa-ambientala-artizanala-din-ceramica-cu-iluminare-electrica\/#primaryimage\"},\"thumbnailUrl\":\"https:\/\/www.mmarts.ro\/wp-content\/uploads\/2021\/07\/WAN4347-scaled.jpg\",\"datePublished\":\"2021-06-24T07:27:11+00:00\",\"dateModified\":\"2023-12-05T09:04:19+00:00\",\"description\":\"Str\u0103lucirea viorelei confer\u0103 o atmosfer\u0103 aparte transmi\u021b\u00e2nd un sentiment de splendoare par\u021bii centrale din casa ta.\",\"breadcrumb\":{\"@id\":\"https:\/\/www.mmarts.ro\/hu\/produs\/stralucirea-viorelei-lampa-ambientala-artizanala-din-ceramica-cu-iluminare-electrica\/#breadcrumb\"},\"inLanguage\":\"hu\",\"potentialAction\":[{\"@type\":\"ReadAction\",\"target\":[\"https:\/\/www.mmarts.ro\/hu\/produs\/stralucirea-viorelei-lampa-ambientala-artizanala-din-ceramica-cu-iluminare-electrica\/\"]}]},{\"@type\":\"ImageObject\",\"inLanguage\":\"hu\",\"@id\":\"https:\/\/www.mmarts.ro\/hu\/produs\/stralucirea-viorelei-lampa-ambientala-artizanala-din-ceramica-cu-iluminare-electrica\/#primaryimage\",\"url\":\"https:\/\/www.mmarts.ro\/wp-content\/uploads\/2021\/07\/WAN4347-scaled.jpg\",\"contentUrl\":\"https:\/\/www.mmarts.ro\/wp-content\/uploads\/2021\/07\/WAN4347-scaled.jpg\",\"width\":2560,\"height\":1707,\"caption\":\"Csillagvir\u00e1g t\u00fcnd\u00f6kl\u00e9se - m\u00e9csestart\u00f3\"},{\"@type\":\"BreadcrumbList\",\"@id\":\"https:\/\/www.mmarts.ro\/hu\/produs\/stralucirea-viorelei-lampa-ambientala-artizanala-din-ceramica-cu-iluminare-electrica\/#breadcrumb\",\"itemListElement\":[{\"@type\":\"ListItem\",\"position\":1,\"name\":\"Prima pagin\u0103\",\"item\":\"https:\/\/www.mmarts.ro\/hu\/\"},{\"@type\":\"ListItem\",\"position\":2,\"name\":\"Products\",\"item\":\"https:\/\/www.mmarts.ro\/hu\/shop\/\"},{\"@type\":\"ListItem\",\"position\":3,\"name\":\"Str\u0103lucirea viorelei &#8211; lamp\u0103 ambiental\u0103 artizanal\u0103 din ceramic\u0103, cu iluminare electric\u0103\"}]},{\"@type\":\"WebSite\",\"@id\":\"https:\/\/www.mmarts.ro\/hu\/#website\",\"url\":\"https:\/\/www.mmarts.ro\/hu\/\",\"name\":\"Mmarts\",\"description\":\"\",\"potentialAction\":[{\"@type\":\"SearchAction\",\"target\":{\"@type\":\"EntryPoint\",\"urlTemplate\":\"https:\/\/www.mmarts.ro\/hu\/?s={search_term_string}\"},\"query-input\":{\"@type\":\"PropertyValueSpecification\",\"valueRequired\":true,\"valueName\":\"search_term_string\"}}],\"inLanguage\":\"hu\"}]}<\/script>\n<!-- \/ Yoast SEO plugin. -->","yoast_head_json":{"title":"Str\u0103lucirea viorelei - lamp\u0103 ambiental\u0103 artizanal\u0103 din ceramic\u0103, cu iluminare electric\u0103 - Mmarts","description":"Str\u0103lucirea viorelei confer\u0103 o atmosfer\u0103 aparte transmi\u021b\u00e2nd un sentiment de splendoare par\u021bii centrale din casa ta.","robots":{"index":"index","follow":"follow","max-snippet":"max-snippet:-1","max-image-preview":"max-image-preview:large","max-video-preview":"max-video-preview:-1"},"canonical":"https:\/\/www.mmarts.ro\/hu\/produs\/stralucirea-viorelei-lampa-ambientala-artizanala-din-ceramica-cu-iluminare-electrica\/","og_locale":"hu_HU","og_type":"article","og_title":"Str\u0103lucirea viorelei - lamp\u0103 ambiental\u0103 artizanal\u0103 din ceramic\u0103, cu iluminare electric\u0103 - Mmarts","og_description":"Str\u0103lucirea viorelei confer\u0103 o atmosfer\u0103 aparte transmi\u021b\u00e2nd un sentiment de splendoare par\u021bii centrale din casa ta.","og_url":"https:\/\/www.mmarts.ro\/hu\/produs\/stralucirea-viorelei-lampa-ambientala-artizanala-din-ceramica-cu-iluminare-electrica\/","og_site_name":"Mmarts","article_modified_time":"2023-12-05T09:04:19+00:00","og_image":[{"width":2560,"height":1707,"url":"https:\/\/www.mmarts.ro\/wp-content\/uploads\/2021\/07\/WAN4347-scaled.jpg","type":"image\/jpeg"}],"twitter_card":"summary_large_image","twitter_misc":{"Becs\u00fclt olvas\u00e1si id\u0151":"1 perc"},"schema":{"@context":"https:\/\/schema.org","@graph":[{"@type":"WebPage","@id":"https:\/\/www.mmarts.ro\/hu\/produs\/stralucirea-viorelei-lampa-ambientala-artizanala-din-ceramica-cu-iluminare-electrica\/","url":"https:\/\/www.mmarts.ro\/hu\/produs\/stralucirea-viorelei-lampa-ambientala-artizanala-din-ceramica-cu-iluminare-electrica\/","name":"Str\u0103lucirea viorelei - lamp\u0103 ambiental\u0103 artizanal\u0103 din ceramic\u0103, cu iluminare electric\u0103 - Mmarts","isPartOf":{"@id":"https:\/\/www.mmarts.ro\/hu\/#website"},"primaryImageOfPage":{"@id":"https:\/\/www.mmarts.ro\/hu\/produs\/stralucirea-viorelei-lampa-ambientala-artizanala-din-ceramica-cu-iluminare-electrica\/#primaryimage"},"image":{"@id":"https:\/\/www.mmarts.ro\/hu\/produs\/stralucirea-viorelei-lampa-ambientala-artizanala-din-ceramica-cu-iluminare-electrica\/#primaryimage"},"thumbnailUrl":"https:\/\/www.mmarts.ro\/wp-content\/uploads\/2021\/07\/WAN4347-scaled.jpg","datePublished":"2021-06-24T07:27:11+00:00","dateModified":"2023-12-05T09:04:19+00:00","description":"Str\u0103lucirea viorelei confer\u0103 o atmosfer\u0103 aparte transmi\u021b\u00e2nd un sentiment de splendoare par\u021bii centrale din casa ta.","breadcrumb":{"@id":"https:\/\/www.mmarts.ro\/hu\/produs\/stralucirea-viorelei-lampa-ambientala-artizanala-din-ceramica-cu-iluminare-electrica\/#breadcrumb"},"inLanguage":"hu","potentialAction":[{"@type":"ReadAction","target":["https:\/\/www.mmarts.ro\/hu\/produs\/stralucirea-viorelei-lampa-ambientala-artizanala-din-ceramica-cu-iluminare-electrica\/"]}]},{"@type":"ImageObject","inLanguage":"hu","@id":"https:\/\/www.mmarts.ro\/hu\/produs\/stralucirea-viorelei-lampa-ambientala-artizanala-din-ceramica-cu-iluminare-electrica\/#primaryimage","url":"https:\/\/www.mmarts.ro\/wp-content\/uploads\/2021\/07\/WAN4347-scaled.jpg","contentUrl":"https:\/\/www.mmarts.ro\/wp-content\/uploads\/2021\/07\/WAN4347-scaled.jpg","width":2560,"height":1707,"caption":"Csillagvir\u00e1g t\u00fcnd\u00f6kl\u00e9se - m\u00e9csestart\u00f3"},{"@type":"BreadcrumbList","@id":"https:\/\/www.mmarts.ro\/hu\/produs\/stralucirea-viorelei-lampa-ambientala-artizanala-din-ceramica-cu-iluminare-electrica\/#breadcrumb","itemListElement":[{"@type":"ListItem","position":1,"name":"Prima pagin\u0103","item":"https:\/\/www.mmarts.ro\/hu\/"},{"@type":"ListItem","position":2,"name":"Products","item":"https:\/\/www.mmarts.ro\/hu\/shop\/"},{"@type":"ListItem","position":3,"name":"Str\u0103lucirea viorelei &#8211; lamp\u0103 ambiental\u0103 artizanal\u0103 din ceramic\u0103, cu iluminare electric\u0103"}]},{"@type":"WebSite","@id":"https:\/\/www.mmarts.ro\/hu\/#website","url":"https:\/\/www.mmarts.ro\/hu\/","name":"Mmarts","description":"","potentialAction":[{"@type":"SearchAction","target":{"@type":"EntryPoint","urlTemplate":"https:\/\/www.mmarts.ro\/hu\/?s={search_term_string}"},"query-input":{"@type":"PropertyValueSpecification","valueRequired":true,"valueName":"search_term_string"}}],"inLanguage":"hu"}]}},"_links":{"self":[{"href":"https:\/\/www.mmarts.ro\/hu\/wp-json\/wp\/v2\/product\/6439","targetHints":{"allow":["GET"]}}],"collection":[{"href":"https:\/\/www.mmarts.ro\/hu\/wp-json\/wp\/v2\/product"}],"about":[{"href":"https:\/\/www.mmarts.ro\/hu\/wp-json\/wp\/v2\/types\/product"}],"replies":[{"embeddable":true,"href":"https:\/\/www.mmarts.ro\/hu\/wp-json\/wp\/v2\/comments?post=6439"}],"wp:featuredmedia":[{"embeddable":true,"href":"https:\/\/www.mmarts.ro\/hu\/wp-json\/wp\/v2\/media\/6562"}],"wp:attachment":[{"href":"https:\/\/www.mmarts.ro\/hu\/wp-json\/wp\/v2\/media?parent=6439"}],"wp:term":[{"taxonomy":"product_cat","embeddable":true,"href":"https:\/\/www.mmarts.ro\/hu\/wp-json\/wp\/v2\/product_cat?post=6439"},{"taxonomy":"product_tag","embeddable":true,"href":"https:\/\/www.mmarts.ro\/hu\/wp-json\/wp\/v2\/product_tag?post=6439"}],"curies":[{"name":"wp","href":"https:\/\/api.w.org\/{rel}","templated":true}]}}