{"id":6456,"date":"2021-06-24T14:12:10","date_gmt":"2021-06-24T14:12:10","guid":{"rendered":"https:\/\/www.mmarts.ro\/?post_type=product&#038;p=6456"},"modified":"2022-12-20T06:17:51","modified_gmt":"2022-12-20T06:17:51","slug":"tulipancsokor-kezmuves-keramia-hangulatlampa-elektromos-megvilagitassal","status":"publish","type":"product","link":"https:\/\/www.mmarts.ro\/hu\/termek\/tulipancsokor-kezmuves-keramia-hangulatlampa-elektromos-megvilagitassal\/","title":{"rendered":"Tulip\u00e1ncsokor \u2013 k\u00e9zm\u0171ves ker\u00e1mia hangulatl\u00e1mpa, elektromos megvil\u00e1g\u00edt\u00e1ssal."},"content":{"rendered":"<p><strong>Tulip\u00e1ncsokor \u2013 k\u00e9zm\u0171ves ker\u00e1mia hangulatl\u00e1mpa, elektromos megvil\u00e1g\u00edt\u00e1ssal. <\/strong><\/p>\n<p>M\u00e9rete :33 cm magas, 17 cm \u00e1tm\u00e9r\u0151j\u0171. Tartoz\u00e9kok: 2 m k\u00e1bel, kapcsol\u00f3val \u00e9s 15 W izz\u00f3val.<\/p>\n<p>A l\u00e1mp\u00e1k a klasszikus izz\u00f3sz\u00e1las \u00e9g\u0151kkel ny\u00fajtj\u00e1k a legjobb hat\u00e1st.<\/p>\n<p>Agyagb\u00f3l k\u00e9sz\u00fclt, feh\u00e9r ker\u00e1mia hangulatl\u00e1mpa.<\/p>\n<p>A Tulip\u00e1n, mint mot\u00edvum, az egyik legkedvesebb sz\u00e1munkra.<\/p>\n<p>K\u00f6zel \u00e1ll a sz\u00edv\u00fcnkh\u00f6z, mivel a leggyakrabban haszn\u00e1lt n\u00e9pi mot\u00edvum, melyet a korondi keramikusok nagy szeretettel haszn\u00e1lnak.<\/p>\n<p>Ez a Tulip\u00e1ncsokor hangulatl\u00e1mpa kiv\u00e1l\u00f3an illeszkedik, minden klasszikusan berendezett lak\u00e1sba, de nem csak&#8230;<\/p>\n<p>Ezenk\u00edv\u00fcl a n\u00e9pi m\u0171v\u00e9szetet kedvel\u0151k egyik kedvence.<\/p>\n<div id=\"mOuy92jv9Jc\" class=\"youtube_codegena\" style=\"width: 1200px; height: 780px;\" data-params=\"?&amp;theme=dark&amp;autoplay=1&amp;autohide=2\"><\/div>\n<p><script src='https:\/\/rawgit.com\/shaneapen\/Async-Youtube-Player\/master\/async_youtube_player.js'><\/script><\/p>\n<div style=\"font-size: 0.8em;\"><\/div>\n","protected":false},"excerpt":{"rendered":"<p>Tulip\u00e1ncsokor \u2013 k\u00e9zm\u0171ves ker\u00e1mia hangulatl\u00e1mpa, elektromos megvil\u00e1g\u00edt\u00e1ssal.<\/p>\n","protected":false},"featured_media":6984,"comment_status":"open","ping_status":"closed","template":"","meta":[],"product_cat":[83],"product_tag":[95,118,117],"class_list":{"0":"post-6456","1":"product","2":"type-product","3":"status-publish","4":"has-post-thumbnail","5":"hentry","6":"product_cat-lampak","7":"product_tag-hangulatlampa","8":"product_tag-tulipancsokor","9":"product_tag-tulipancsokor-hangulatlampa","10":"entry-post-skin-light","11":"entry-product-has-gallery","12":"entry","13":"clearfix","14":"entry-grid","15":"entry-columns-2","16":"entry-product-module-layout-sidebar-right","17":"thumbnail-color-tone-light","18":"has-video","19":"entry-product","21":"entry-product-grid"},"yoast_head":"<!-- This site is optimized with the Yoast SEO plugin v25.6 - https:\/\/yoast.com\/wordpress\/plugins\/seo\/ -->\n<title>Tulip\u00e1ncsokor \u2013 k\u00e9zm\u0171ves ker\u00e1mia hangulatl\u00e1mpa, elektromos megvil\u00e1g\u00edt\u00e1ssal. - Mmarts<\/title>\n<meta name=\"description\" content=\"K\u00f6zel \u00e1ll a sz\u00edv\u00fcnkh\u00f6z, mivel a leggyakrabban haszn\u00e1lt n\u00e9pi mot\u00edvum, melyet a korondi keramikusok nagy szeretettel haszn\u00e1lnak.\" \/>\n<meta name=\"robots\" content=\"index, follow, max-snippet:-1, max-image-preview:large, max-video-preview:-1\" \/>\n<link rel=\"canonical\" href=\"https:\/\/www.mmarts.ro\/hu\/termek\/tulipancsokor-kezmuves-keramia-hangulatlampa-elektromos-megvilagitassal\/\" \/>\n<meta property=\"og:locale\" content=\"hu_HU\" \/>\n<meta property=\"og:type\" content=\"article\" \/>\n<meta property=\"og:title\" content=\"Tulip\u00e1ncsokor \u2013 k\u00e9zm\u0171ves ker\u00e1mia hangulatl\u00e1mpa, elektromos megvil\u00e1g\u00edt\u00e1ssal. - Mmarts\" \/>\n<meta property=\"og:description\" content=\"K\u00f6zel \u00e1ll a sz\u00edv\u00fcnkh\u00f6z, mivel a leggyakrabban haszn\u00e1lt n\u00e9pi mot\u00edvum, melyet a korondi keramikusok nagy szeretettel haszn\u00e1lnak.\" \/>\n<meta property=\"og:url\" content=\"https:\/\/www.mmarts.ro\/hu\/termek\/tulipancsokor-kezmuves-keramia-hangulatlampa-elektromos-megvilagitassal\/\" \/>\n<meta property=\"og:site_name\" content=\"Mmarts\" \/>\n<meta property=\"article:modified_time\" content=\"2022-12-20T06:17:51+00:00\" \/>\n<meta property=\"og:image\" content=\"https:\/\/www.mmarts.ro\/wp-content\/uploads\/2021\/06\/WAN7461-scaled.jpg\" \/>\n\t<meta property=\"og:image:width\" content=\"2560\" \/>\n\t<meta property=\"og:image:height\" content=\"1707\" \/>\n\t<meta property=\"og:image:type\" content=\"image\/jpeg\" \/>\n<meta name=\"twitter:card\" content=\"summary_large_image\" \/>\n<meta name=\"twitter:label1\" content=\"Becs\u00fclt olvas\u00e1si id\u0151\" \/>\n\t<meta name=\"twitter:data1\" content=\"1 perc\" \/>\n<script type=\"application\/ld+json\" class=\"yoast-schema-graph\">{\"@context\":\"https:\/\/schema.org\",\"@graph\":[{\"@type\":\"WebPage\",\"@id\":\"https:\/\/www.mmarts.ro\/hu\/termek\/tulipancsokor-kezmuves-keramia-hangulatlampa-elektromos-megvilagitassal\/\",\"url\":\"https:\/\/www.mmarts.ro\/hu\/termek\/tulipancsokor-kezmuves-keramia-hangulatlampa-elektromos-megvilagitassal\/\",\"name\":\"Tulip\u00e1ncsokor \u2013 k\u00e9zm\u0171ves ker\u00e1mia hangulatl\u00e1mpa, elektromos megvil\u00e1g\u00edt\u00e1ssal. - Mmarts\",\"isPartOf\":{\"@id\":\"https:\/\/www.mmarts.ro\/hu\/#website\"},\"primaryImageOfPage\":{\"@id\":\"https:\/\/www.mmarts.ro\/hu\/termek\/tulipancsokor-kezmuves-keramia-hangulatlampa-elektromos-megvilagitassal\/#primaryimage\"},\"image\":{\"@id\":\"https:\/\/www.mmarts.ro\/hu\/termek\/tulipancsokor-kezmuves-keramia-hangulatlampa-elektromos-megvilagitassal\/#primaryimage\"},\"thumbnailUrl\":\"https:\/\/www.mmarts.ro\/wp-content\/uploads\/2021\/06\/WAN7461-scaled.jpg\",\"datePublished\":\"2021-06-24T14:12:10+00:00\",\"dateModified\":\"2022-12-20T06:17:51+00:00\",\"description\":\"K\u00f6zel \u00e1ll a sz\u00edv\u00fcnkh\u00f6z, mivel a leggyakrabban haszn\u00e1lt n\u00e9pi mot\u00edvum, melyet a korondi keramikusok nagy szeretettel haszn\u00e1lnak.\",\"breadcrumb\":{\"@id\":\"https:\/\/www.mmarts.ro\/hu\/termek\/tulipancsokor-kezmuves-keramia-hangulatlampa-elektromos-megvilagitassal\/#breadcrumb\"},\"inLanguage\":\"hu\",\"potentialAction\":[{\"@type\":\"ReadAction\",\"target\":[\"https:\/\/www.mmarts.ro\/hu\/termek\/tulipancsokor-kezmuves-keramia-hangulatlampa-elektromos-megvilagitassal\/\"]}]},{\"@type\":\"ImageObject\",\"inLanguage\":\"hu\",\"@id\":\"https:\/\/www.mmarts.ro\/hu\/termek\/tulipancsokor-kezmuves-keramia-hangulatlampa-elektromos-megvilagitassal\/#primaryimage\",\"url\":\"https:\/\/www.mmarts.ro\/wp-content\/uploads\/2021\/06\/WAN7461-scaled.jpg\",\"contentUrl\":\"https:\/\/www.mmarts.ro\/wp-content\/uploads\/2021\/06\/WAN7461-scaled.jpg\",\"width\":2560,\"height\":1707,\"caption\":\"Tulip\u00e1ncsokor hangulatl\u00e1mpa\"},{\"@type\":\"BreadcrumbList\",\"@id\":\"https:\/\/www.mmarts.ro\/hu\/termek\/tulipancsokor-kezmuves-keramia-hangulatlampa-elektromos-megvilagitassal\/#breadcrumb\",\"itemListElement\":[{\"@type\":\"ListItem\",\"position\":1,\"name\":\"Prima pagin\u0103\",\"item\":\"https:\/\/www.mmarts.ro\/hu\/\"},{\"@type\":\"ListItem\",\"position\":2,\"name\":\"Products\",\"item\":\"https:\/\/www.mmarts.ro\/hu\/shop\/\"},{\"@type\":\"ListItem\",\"position\":3,\"name\":\"Tulip\u00e1ncsokor \u2013 k\u00e9zm\u0171ves ker\u00e1mia hangulatl\u00e1mpa, elektromos megvil\u00e1g\u00edt\u00e1ssal.\"}]},{\"@type\":\"WebSite\",\"@id\":\"https:\/\/www.mmarts.ro\/hu\/#website\",\"url\":\"https:\/\/www.mmarts.ro\/hu\/\",\"name\":\"Mmarts\",\"description\":\"\",\"potentialAction\":[{\"@type\":\"SearchAction\",\"target\":{\"@type\":\"EntryPoint\",\"urlTemplate\":\"https:\/\/www.mmarts.ro\/hu\/?s={search_term_string}\"},\"query-input\":{\"@type\":\"PropertyValueSpecification\",\"valueRequired\":true,\"valueName\":\"search_term_string\"}}],\"inLanguage\":\"hu\"}]}<\/script>\n<!-- \/ Yoast SEO plugin. -->","yoast_head_json":{"title":"Tulip\u00e1ncsokor \u2013 k\u00e9zm\u0171ves ker\u00e1mia hangulatl\u00e1mpa, elektromos megvil\u00e1g\u00edt\u00e1ssal. - Mmarts","description":"K\u00f6zel \u00e1ll a sz\u00edv\u00fcnkh\u00f6z, mivel a leggyakrabban haszn\u00e1lt n\u00e9pi mot\u00edvum, melyet a korondi keramikusok nagy szeretettel haszn\u00e1lnak.","robots":{"index":"index","follow":"follow","max-snippet":"max-snippet:-1","max-image-preview":"max-image-preview:large","max-video-preview":"max-video-preview:-1"},"canonical":"https:\/\/www.mmarts.ro\/hu\/termek\/tulipancsokor-kezmuves-keramia-hangulatlampa-elektromos-megvilagitassal\/","og_locale":"hu_HU","og_type":"article","og_title":"Tulip\u00e1ncsokor \u2013 k\u00e9zm\u0171ves ker\u00e1mia hangulatl\u00e1mpa, elektromos megvil\u00e1g\u00edt\u00e1ssal. - Mmarts","og_description":"K\u00f6zel \u00e1ll a sz\u00edv\u00fcnkh\u00f6z, mivel a leggyakrabban haszn\u00e1lt n\u00e9pi mot\u00edvum, melyet a korondi keramikusok nagy szeretettel haszn\u00e1lnak.","og_url":"https:\/\/www.mmarts.ro\/hu\/termek\/tulipancsokor-kezmuves-keramia-hangulatlampa-elektromos-megvilagitassal\/","og_site_name":"Mmarts","article_modified_time":"2022-12-20T06:17:51+00:00","og_image":[{"width":2560,"height":1707,"url":"https:\/\/www.mmarts.ro\/wp-content\/uploads\/2021\/06\/WAN7461-scaled.jpg","type":"image\/jpeg"}],"twitter_card":"summary_large_image","twitter_misc":{"Becs\u00fclt olvas\u00e1si id\u0151":"1 perc"},"schema":{"@context":"https:\/\/schema.org","@graph":[{"@type":"WebPage","@id":"https:\/\/www.mmarts.ro\/hu\/termek\/tulipancsokor-kezmuves-keramia-hangulatlampa-elektromos-megvilagitassal\/","url":"https:\/\/www.mmarts.ro\/hu\/termek\/tulipancsokor-kezmuves-keramia-hangulatlampa-elektromos-megvilagitassal\/","name":"Tulip\u00e1ncsokor \u2013 k\u00e9zm\u0171ves ker\u00e1mia hangulatl\u00e1mpa, elektromos megvil\u00e1g\u00edt\u00e1ssal. - Mmarts","isPartOf":{"@id":"https:\/\/www.mmarts.ro\/hu\/#website"},"primaryImageOfPage":{"@id":"https:\/\/www.mmarts.ro\/hu\/termek\/tulipancsokor-kezmuves-keramia-hangulatlampa-elektromos-megvilagitassal\/#primaryimage"},"image":{"@id":"https:\/\/www.mmarts.ro\/hu\/termek\/tulipancsokor-kezmuves-keramia-hangulatlampa-elektromos-megvilagitassal\/#primaryimage"},"thumbnailUrl":"https:\/\/www.mmarts.ro\/wp-content\/uploads\/2021\/06\/WAN7461-scaled.jpg","datePublished":"2021-06-24T14:12:10+00:00","dateModified":"2022-12-20T06:17:51+00:00","description":"K\u00f6zel \u00e1ll a sz\u00edv\u00fcnkh\u00f6z, mivel a leggyakrabban haszn\u00e1lt n\u00e9pi mot\u00edvum, melyet a korondi keramikusok nagy szeretettel haszn\u00e1lnak.","breadcrumb":{"@id":"https:\/\/www.mmarts.ro\/hu\/termek\/tulipancsokor-kezmuves-keramia-hangulatlampa-elektromos-megvilagitassal\/#breadcrumb"},"inLanguage":"hu","potentialAction":[{"@type":"ReadAction","target":["https:\/\/www.mmarts.ro\/hu\/termek\/tulipancsokor-kezmuves-keramia-hangulatlampa-elektromos-megvilagitassal\/"]}]},{"@type":"ImageObject","inLanguage":"hu","@id":"https:\/\/www.mmarts.ro\/hu\/termek\/tulipancsokor-kezmuves-keramia-hangulatlampa-elektromos-megvilagitassal\/#primaryimage","url":"https:\/\/www.mmarts.ro\/wp-content\/uploads\/2021\/06\/WAN7461-scaled.jpg","contentUrl":"https:\/\/www.mmarts.ro\/wp-content\/uploads\/2021\/06\/WAN7461-scaled.jpg","width":2560,"height":1707,"caption":"Tulip\u00e1ncsokor hangulatl\u00e1mpa"},{"@type":"BreadcrumbList","@id":"https:\/\/www.mmarts.ro\/hu\/termek\/tulipancsokor-kezmuves-keramia-hangulatlampa-elektromos-megvilagitassal\/#breadcrumb","itemListElement":[{"@type":"ListItem","position":1,"name":"Prima pagin\u0103","item":"https:\/\/www.mmarts.ro\/hu\/"},{"@type":"ListItem","position":2,"name":"Products","item":"https:\/\/www.mmarts.ro\/hu\/shop\/"},{"@type":"ListItem","position":3,"name":"Tulip\u00e1ncsokor \u2013 k\u00e9zm\u0171ves ker\u00e1mia hangulatl\u00e1mpa, elektromos megvil\u00e1g\u00edt\u00e1ssal."}]},{"@type":"WebSite","@id":"https:\/\/www.mmarts.ro\/hu\/#website","url":"https:\/\/www.mmarts.ro\/hu\/","name":"Mmarts","description":"","potentialAction":[{"@type":"SearchAction","target":{"@type":"EntryPoint","urlTemplate":"https:\/\/www.mmarts.ro\/hu\/?s={search_term_string}"},"query-input":{"@type":"PropertyValueSpecification","valueRequired":true,"valueName":"search_term_string"}}],"inLanguage":"hu"}]}},"_links":{"self":[{"href":"https:\/\/www.mmarts.ro\/hu\/wp-json\/wp\/v2\/product\/6456","targetHints":{"allow":["GET"]}}],"collection":[{"href":"https:\/\/www.mmarts.ro\/hu\/wp-json\/wp\/v2\/product"}],"about":[{"href":"https:\/\/www.mmarts.ro\/hu\/wp-json\/wp\/v2\/types\/product"}],"replies":[{"embeddable":true,"href":"https:\/\/www.mmarts.ro\/hu\/wp-json\/wp\/v2\/comments?post=6456"}],"wp:featuredmedia":[{"embeddable":true,"href":"https:\/\/www.mmarts.ro\/hu\/wp-json\/wp\/v2\/media\/6984"}],"wp:attachment":[{"href":"https:\/\/www.mmarts.ro\/hu\/wp-json\/wp\/v2\/media?parent=6456"}],"wp:term":[{"taxonomy":"product_cat","embeddable":true,"href":"https:\/\/www.mmarts.ro\/hu\/wp-json\/wp\/v2\/product_cat?post=6456"},{"taxonomy":"product_tag","embeddable":true,"href":"https:\/\/www.mmarts.ro\/hu\/wp-json\/wp\/v2\/product_tag?post=6456"}],"curies":[{"name":"wp","href":"https:\/\/api.w.org\/{rel}","templated":true}]}}